{"id":6613,"date":"2019-05-30T15:08:09","date_gmt":"2019-05-30T15:08:09","guid":{"rendered":"https:\/\/preview.wolfthemes.live\/decibel\/?page_id=6613"},"modified":"2024-01-12T20:10:10","modified_gmt":"2024-01-12T17:10:10","slug":"ana-sayfa","status":"publish","type":"page","link":"https:\/\/etcproduction.net\/wp\/","title":{"rendered":"Ana Sayfa"},"content":{"rendered":"<div class=\"wpb-content-wrapper\"><p>[vc_row columns_placement=&#8221;bottom&#8221; equal_height=&#8221;&#8221; background_type=&#8221;image&#8221; background_img=&#8221;7722&#8243; background_img_lazyload=&#8221;1&#8243; shift_y=&#8221;0&#8243; z_index=&#8221;0&#8243; min_height=&#8221;700&#8243;][vc_column shift_x=&#8221;0&#8243; shift_y=&#8221;0&#8243; z_index=&#8221;0&#8243; min_height=&#8221;550&#8243;]<div class=\"ult-spacer spacer-69d084ce80904\" data-id=\"69d084ce80904\" data-height=\"70\" data-height-mobile=\"70\" data-height-tab=\"70\" data-height-tab-portrait=\"\" data-height-mobile-landscape=\"\" style=\"clear:both;display:block;\"><\/div><div id=\"ultib3-320835876669d084ce809f8\" class=\" ultb3-box ult-adjust-bottom-margin  \" style=\"background-color: rgba(0,0,0,0.01);\"><div class=\"ultb3-box-overlay\" style=\"background:rgba(0,0,0,0.01);\"><\/div><div id=\"Info-banner-wrap5474\" class=\"ultb3-info ib3-info-center\" data-animation=\"zoomIn\" data-animation-delay=\"03\"><div class=\"ultb3-title ult-responsive\"  data-ultimate-target='#Info-banner-wrap5474 .ultb3-title'  data-responsive-json-new='{\"font-size\":\"desktop:50px;\",\"line-height\":\"\"}'  style=\"font-family:Roboto Condensed;font-weight:700;color:#ffffff;\">Sesini D\u00fcnya ile Bulu\u015ftur<\/div><div class=\"ultb3-desc ult-responsive\"  data-ultimate-target='#Info-banner-wrap5474 .ultb3-desc'  data-responsive-json-new='{\"font-size\":\"\",\"line-height\":\"\"}'  style=\"font-family:Roboto;font-style:italic;font-weight:700;color:#ffffff;\">M\u00fczi\u011finizi yaln\u0131zca birka\u00e7 g\u00fcnde d\u00fcnya sahnesine ta\u015f\u0131yoruz; \u00e7\u00fcnk\u00fc beklemek yetenekleriniz i\u00e7in fazla uzun bir s\u00fcre. Di\u011ferlerinin sundu\u011fu premium hizmetler ve istatistikler i\u00e7in ek \u00fccret talep ederken, biz t\u00fcm bu de\u011ferli ara\u00e7lar\u0131 her sanat\u00e7\u0131ya \u00fccretsiz olarak sunuyoruz. YouTube Content ID, \u015fark\u0131n\u0131z\u0131n her kullan\u0131m\u0131n\u0131 takip etmenize olanak tan\u0131rken, Instagram m\u00fczik kitapl\u0131\u011f\u0131nda par\u00e7an\u0131z\u0131n s\u00f6zlerini senkronize ederek hayranlar\u0131n\u0131z\u0131n deneyimini zenginle\u015ftiriyoruz. T\u00fcm bu hizmetlerimizle, eserinizi sadece yay\u0131nlam\u0131yor, ayn\u0131 zamanda onun her nota ve s\u00f6z\u00fcyle geni\u015f bir kitleye ula\u015fmas\u0131n\u0131 sa\u011fl\u0131yoruz. Sizin sesiniz, bizim teknolojimizle y\u0131ld\u0131zlar aras\u0131 bir yolculu\u011fa \u00e7\u0131k\u0131yor. Sizi ve m\u00fczi\u011finizi hak etti\u011finiz yere, en \u00fcste ta\u015f\u0131mak i\u00e7in buraday\u0131z.<\/div><a href=\"javascript:void(0);\"  class=\"ultb3-btn ult-responsive\"  data-ultimate-target='#Info-banner-wrap5474 .ultb3-btn'  data-responsive-json-new='{\"font-size\":\"\",\"line-height\":\"\"}'  style=\"font-family:Roboto;font-weight:700;\">M\u00fczi\u011fini Payla\u015f<i class=\"Defaults-angle-right\"><\/i><\/a><\/div><\/div><style>\n\t\t\t\t\t#ultib3-320835876669d084ce809f8 {\n\t\t\t\t\t\tmin-height:px;\n\t\t\t\t\t}\n\t\t\t\t\t#ultib3-320835876669d084ce809f8 img.ultb3-img {\n\t\t\t\t\t\theight: px;\n\t\t\t\t\t}\n\t\t\t\t\t#ultib3-320835876669d084ce809f8 .ultb3-btn {\n\t\t\t\t\t\tborder:3px solid #dd3333;border-radius:50px;color:#ffffff;\n\t\t\t\t\t}\n\t\t\t\t\t#ultib3-320835876669d084ce809f8 .ultb3-btn:hover {\n\t\t\t\t\t\tbackground:#dd3333;color:#f3f3f3;\n\t\t\t\t\t}\n\t\t\t\t<\/style>[\/vc_column][\/vc_row][vc_row equal_height=&#8221;&#8221; background_type=&#8221;image&#8221; background_color=&#8221;transparent&#8221; background_img_lazyload=&#8221;&#8221; add_top_shape_divider=&#8221;yes&#8221; sd_top_type=&#8221;default&#8221; sd_top_shape=&#8221;curve&#8221; sd_top_flip=&#8221;yes&#8221; sd_top_color=&#8221;custom&#8221; sd_top_opacity=&#8221;100&#8243; sd_top_ratio=&#8221;no&#8221; sd_top_zindex=&#8221;0&#8243; shift_y=&#8221;-100&#8243; z_index=&#8221;9&#8243; add_grunge=&#8221;true&#8221; css=&#8221;.vc_custom_1704403169098{padding-top: 0px !important;}&#8221; sd_top_custom_color=&#8221;#f6f6f6&#8243; sd_top_height=&#8221;100px&#8221;][vc_column width=&#8221;2\/3&#8243;]\n            <div \n                class=\"elfsight-widget-youtube-gallery elfsight-widget\" \n                data-elfsight-youtube-gallery-options=\"%7B%22channel%22%3A%22https%3A%5C%2F%5C%2Fwww.youtube.com%5C%2Fchannel%5C%2FUC8poz2bRXlFu6tB3uiVF6Ww%22%2C%22sourceGroups%22%3A%5B%7B%22name%22%3A%22Web%20Sitesi%22%2C%22sources%22%3A%5B%22https%3A%5C%2F%5C%2Fwww.youtube.com%5C%2Fplaylist%3Flist%3DPLns_z7d31-VGHw2tPUCyaMto53QMhDzNN%22%5D%7D%5D%2C%22headerVisible%22%3Atrue%2C%22headerLayout%22%3A%22minimal%22%2C%22headerInfo%22%3A%5B%22videosCounter%22%2C%22subscribersCounter%22%2C%22viewsCounter%22%2C%22subscribeButton%22%2C%22logo%22%2C%22banner%22%2C%22channelName%22%5D%2C%22headerChannelName%22%3Anull%2C%22headerChannelDescription%22%3Anull%2C%22headerChannelLogo%22%3Anull%2C%22headerChannelBanner%22%3Anull%2C%22contentColumns%22%3A3%2C%22contentRows%22%3A1%2C%22contentGutter%22%3A20%2C%22contentResponsive%22%3A%5B%7B%22minWidth%22%3A375%2C%22columns%22%3A1%2C%22rows%22%3A1%2C%22gutter%22%3A%2220%22%7D%2C%7B%22minWidth%22%3A768%2C%22columns%22%3A2%2C%22rows%22%3A1%2C%22gutter%22%3A%2220%22%7D%5D%2C%22width%22%3A%22auto%22%2C%22videoLayout%22%3A%22cinema%22%2C%22videoInfo%22%3A%5B%22playIcon%22%2C%22duration%22%2C%22title%22%2C%22date%22%2C%22description%22%2C%22viewsCounter%22%2C%22likesCounter%22%2C%22commentsCounter%22%5D%2C%22videoPlayMode%22%3A%22popup%22%2C%22popupInfo%22%3A%5B%22title%22%2C%22channelLogo%22%2C%22channelName%22%2C%22subscribeButton%22%2C%22viewsCounter%22%2C%22likesCounter%22%2C%22dislikesCounter%22%2C%22likesRatio%22%2C%22share%22%2C%22date%22%2C%22description%22%2C%22descriptionMoreButton%22%2C%22comments%22%5D%2C%22popupAutoplay%22%3Atrue%2C%22contentDirection%22%3A%22horizontal%22%2C%22contentArrowsControl%22%3Atrue%2C%22contentScrollControl%22%3Afalse%2C%22contentDragControl%22%3Atrue%2C%22contentPaginationControl%22%3Afalse%2C%22contentScrollbar%22%3Afalse%2C%22contentSearch%22%3Afalse%2C%22contentDivider1%22%3Anull%2C%22contentTransitionSpeed%22%3A300%2C%22contentTransitionEffect%22%3A%22slide%22%2C%22contentFreeMode%22%3Afalse%2C%22contentDivider2%22%3Anull%2C%22contentAuto%22%3A0%2C%22contentAutoPauseOnHover%22%3Afalse%2C%22colorScheme%22%3A%22custom%22%2C%22colorHeaderBg%22%3A%22rgb%28112%2C%20112%2C%20112%29%22%2C%22colorHeaderBannerOverlay%22%3Anull%2C%22colorHeaderChannelName%22%3A%22rgb%28255%2C%20255%2C%20255%29%22%2C%22colorHeaderChannelNameHover%22%3Anull%2C%22colorHeaderChannelDescription%22%3Anull%2C%22colorHeaderAnchor%22%3Anull%2C%22colorHeaderAnchorHover%22%3Anull%2C%22colorHeaderCounters%22%3A%22rgb%28255%2C%20255%2C%20255%29%22%2C%22colorGroupsBg%22%3Anull%2C%22colorGroupsLink%22%3Anull%2C%22colorGroupsLinkHover%22%3Anull%2C%22colorGroupsLinkActive%22%3Anull%2C%22colorGroupsHighlightHover%22%3Anull%2C%22colorGroupsHighlightActive%22%3Anull%2C%22colorVideoBg%22%3A%22rgb%28255%2C%20255%2C%20255%29%22%2C%22colorVideoOverlay%22%3Anull%2C%22colorVideoPlayIcon%22%3A%22rgb%28234%2C%2022%2C%2022%29%22%2C%22colorVideoPlayIconHover%22%3A%22rgba%28255%2C%20255%2C%20255%2C%200.8%29%22%2C%22colorVideoDuration%22%3A%22rgb%28209%2C%20238%2C%20246%29%22%2C%22colorVideoDurationBg%22%3A%22rgb%28234%2C%2022%2C%2022%29%22%2C%22colorVideoTitle%22%3A%22rgb%280%2C%200%2C%200%29%22%2C%22colorVideoTitleHover%22%3A%22rgb%28255%2C%2026%2C%2054%29%22%2C%22colorVideoDate%22%3A%22rgb%28177%2C%20177%2C%20177%29%22%2C%22colorVideoDescription%22%3A%22rgb%2880%2C%2080%2C%2080%29%22%2C%22colorVideoAnchor%22%3A%22rgb%28255%2C%2026%2C%2054%29%22%2C%22colorVideoAnchorHover%22%3Anull%2C%22colorVideoCounters%22%3Anull%2C%22colorPopupBg%22%3A%22rgb%28255%2C%20255%2C%20255%29%22%2C%22colorPopupAnchor%22%3A%22rgb%28255%2C%2026%2C%2054%29%22%2C%22colorPopupAnchorHover%22%3A%22rgb%280%2C%200%2C%200%29%22%2C%22colorPopupOverlay%22%3A%22rgba%2812%2C%202%2C%202%2C%200.8%29%22%2C%22colorPopupTitle%22%3A%22rgb%280%2C%200%2C%200%29%22%2C%22colorPopupChannelName%22%3A%22rgb%280%2C%200%2C%200%29%22%2C%22colorPopupChannelNameHover%22%3A%22rgb%28255%2C%2026%2C%2054%29%22%2C%22colorPopupViewsCounter%22%3A%22rgb%2885%2C%2085%2C%2085%29%22%2C%22colorPopupLikesRatio%22%3A%22rgb%2847%2C%20165%2C%20255%29%22%2C%22colorPopupDislikesRatio%22%3A%22rgb%28207%2C%20207%2C%20207%29%22%2C%22colorPopupLikesCounter%22%3A%22rgb%28144%2C%20144%2C%20144%29%22%2C%22colorPopupDislikesCounter%22%3A%22rgb%28144%2C%20144%2C%20144%29%22%2C%22colorPopupShare%22%3A%22rgb%28144%2C%20144%2C%20144%29%22%2C%22colorPopupDate%22%3A%22rgb%2880%2C%2080%2C%2080%29%22%2C%22colorPopupDescription%22%3A%22rgb%2880%2C%2080%2C%2080%29%22%2C%22colorPopupDescriptionMoreButton%22%3A%22rgb%28177%2C%20177%2C%20177%29%22%2C%22colorPopupDescriptionMoreButtonHover%22%3A%22rgb%2880%2C%2080%2C%2080%29%22%2C%22colorPopupCommentsUsername%22%3A%22rgb%280%2C%200%2C%200%29%22%2C%22colorPopupCommentsUsernameHover%22%3A%22rgb%28255%2C%2026%2C%2054%29%22%2C%22colorPopupCommentsPassedTime%22%3A%22rgb%28177%2C%20177%2C%20177%29%22%2C%22colorPopupCommentsLikes%22%3A%22rgb%28180%2C%20180%2C%20180%29%22%2C%22colorPopupCommentsText%22%3A%22rgb%2880%2C%2080%2C%2080%29%22%2C%22colorPopupControls%22%3A%22rgb%28160%2C%20160%2C%20160%29%22%2C%22colorPopupControlsHover%22%3A%22rgb%28220%2C%20220%2C%20220%29%22%2C%22colorPopupControlsMobile%22%3A%22rgb%28220%2C%20220%2C%20220%29%22%2C%22colorPopupControlsMobileBg%22%3A%22rgba%28255%2C%20255%2C%20255%2C%200%29%22%2C%22colorContentBg%22%3Anull%2C%22colorContentArrows%22%3A%22rgb%28251%2C%2010%2C%2010%29%22%2C%22colorContentArrowsHover%22%3A%22rgb%28255%2C%20255%2C%20255%29%22%2C%22colorContentArrowsBg%22%3A%22rgba%280%2C%200%2C%200%2C%200.7%29%22%2C%22colorContentArrowsBgHover%22%3A%22rgba%280%2C%200%2C%200%2C%200.95%29%22%2C%22colorContentScrollbarBg%22%3Anull%2C%22colorContentScrollbarSliderBg%22%3Anull%2C%22lang%22%3A%22tr%22%2C%22adsClient%22%3Anull%2C%22adsSlotsContent%22%3Anull%2C%22adsSlotsPopup%22%3Anull%2C%22noCookies%22%3Afalse%2C%22key%22%3A%22AIzaSyAVMu4WMrhaGddfV7-vy3z-t6mMgy3meCI%22%2C%22apiUrl%22%3A%22https%3A%5C%2F%5C%2Fetcproduction.net%5C%2Fwp%5C%2Fwp-json%5C%2Felfsight-youtube-gallery%5C%2Fapi%22%2C%22widgetId%22%3A%221%22%7D\" \n                data-elfsight-youtube-gallery-version=\"3.5.0\"\n                data-elfsight-widget-id=\"elfsight-youtube-gallery-1\">\n            <\/div>\n            [vc_cta h2=&#8221;Sesinizi D\u00fcnyaya Duyurun: S\u0131n\u0131rlar\u0131 A\u015fan M\u00fczik Da\u011f\u0131t\u0131m\u0131&#8221; font_size=&#8221;22&#8243; btn_button_type=&#8221;decibel-button-special&#8221; btn_title=&#8221;Ba\u015flay\u0131n&#8221; btn_size=&#8221;md&#8221; btn_font_weight=&#8221;800&#8243; btn_scroll_to_anchor=&#8221;true&#8221; h4=&#8221;Her nota bir hikaye anlat\u0131r ve her melodi duygular\u0131 harekete ge\u00e7irir. ETC Production, m\u00fczi\u011finizi d\u00fcnyan\u0131n d\u00f6rt bir yan\u0131ndaki dinleyicilere ula\u015ft\u0131rarak bu hikayeleri payla\u015fman\u0131z i\u00e7in sizinle. Kolay kullan\u0131ml\u0131 platformumuz sayesinde, eserlerinizi sadece birka\u00e7 t\u0131kla m\u00fczikseverlerle bulu\u015fturuyoruz. Yenilik\u00e7i analitik ara\u00e7lar\u0131m\u0131zla, eserlerinizin yank\u0131lar\u0131n\u0131 takip edebilir ve kariyerinizi stratejik bir yol haritas\u0131 ile \u015fekillendirebilirsiniz. Bizimle, m\u00fczi\u011finiz sadece dinlenmez; ya\u015fan\u0131r, hissedilir ve her ge\u00e7en g\u00fcn yeni bir hayrana dokunur. ETC Production ile potansiyelinizi en y\u00fcksek notalara ta\u015f\u0131y\u0131n&#8221;][\/vc_column][vc_column width=&#8221;1\/3&#8243;][wvc_spotify_player width=&#8221;300&#8243; height=&#8221;380&#8243; url=&#8221;https:\/\/open.spotify.com\/artist\/0LkIrU2zt7jVVPibxEeS25?si=GoG6s_5mTVS9d4yvq52WHw&#8221;][\/vc_column][\/vc_row][vc_row equal_height=&#8221;&#8221; background_type=&#8221;image&#8221; background_color=&#8221;transparent&#8221; background_img_lazyload=&#8221;&#8221; shift_y=&#8221;-100&#8243; z_index=&#8221;9&#8243; add_grunge=&#8221;true&#8221;][vc_column][vc_custom_heading text=&#8221;SANAT\u00c7ILARIMIZ&#8221; font_size=&#8221;32&#8243;][wvc_release_index el_id=&#8221;index-781&#8243; release_display=&#8221;animated_cover&#8221; item_animation=&#8221;zoom-in&#8221; orderby=&#8221;ID&#8221; order=&#8221;&#8221; columns=&#8221;4&#8243; posts_per_page=&#8221;4&#8243;][\/vc_column][\/vc_row][vc_row equal_height=&#8221;&#8221; background_type=&#8221;image&#8221; background_color=&#8221;transparent&#8221; background_img_lazyload=&#8221;&#8221; shift_y=&#8221;-100&#8243; z_index=&#8221;9&#8243; add_grunge=&#8221;true&#8221;][vc_column width=&#8221;1\/4&#8243; shift_x=&#8221;0&#8243; shift_y=&#8221;0&#8243; z_index=&#8221;0&#8243;][wvc_spotify_player type=&#8221;compact&#8221; width=&#8221;300&#8243; url=&#8221;https:\/\/open.spotify.com\/artist\/2yaUUh1SC7MYZUGVrO7lWc?si=hAhRhWeJT7ao_fJPz2YWtg&#8221; css=&#8221;.vc_custom_1704473697170{margin-top: -100px !important;}&#8221;][\/vc_column][vc_column width=&#8221;1\/4&#8243;][wvc_spotify_player type=&#8221;compact&#8221; width=&#8221;300&#8243; url=&#8221;https:\/\/open.spotify.com\/artist\/2oWitIOdbXxMwSEj6FI4bM?si=CjW43ZvoTTmPvDvfsSm21A&#8221; css=&#8221;.vc_custom_1704473758991{margin-top: -100px !important;}&#8221;][\/vc_column][vc_column width=&#8221;1\/4&#8243;][wvc_spotify_player type=&#8221;compact&#8221; width=&#8221;300&#8243; url=&#8221;https:\/\/open.spotify.com\/artist\/10icwsz4H9wgQsw0PLklWh?si=asuB7IbgSwm320RsIT7z-w&#8221; css=&#8221;.vc_custom_1704473741001{margin-top: -100px !important;}&#8221;][\/vc_column][vc_column width=&#8221;1\/4&#8243; shift_x=&#8221;0&#8243; shift_y=&#8221;0&#8243; z_index=&#8221;0&#8243;][wvc_spotify_player type=&#8221;compact&#8221; width=&#8221;300&#8243; url=&#8221;https:\/\/open.spotify.com\/artist\/0mp5iyr3jGzFdXEOI7qDNz?si=4mkNALPxRdmaqWM2K3sYcQ&#8221; css=&#8221;.vc_custom_1704473862330{margin-top: -100px !important;}&#8221;][\/vc_column][\/vc_row][vc_row equal_height=&#8221;&#8221; background_type=&#8221;image&#8221; background_color=&#8221;transparent&#8221; background_img_lazyload=&#8221;&#8221; shift_y=&#8221;-100&#8243; z_index=&#8221;9&#8243;][vc_column][vc_custom_heading text=&#8221;PROJELER\u0130M\u0130Z&#8221; font_size=&#8221;32&#8243;][wvc_event_index event_display=&#8221;grid&#8221; event_module=&#8221;carousel&#8221; overlay_color=&#8221;auto&#8221; overlay_opacity=&#8221;70&#8243; overlay_text_color=&#8221;white&#8221; pagination=&#8221;link_to_events&#8221; item_animation=&#8221;zoom-in&#8221;][\/vc_column][\/vc_row][vc_row][vc_column]<div id=\"ultimate-heading-36869d084ce80d94\" class=\"uvc-heading ult-adjust-bottom-margin ultimate-heading-36869d084ce80d94 uvc-7686 \" data-hspacer=\"no_spacer\"  data-halign=\"center\" style=\"text-align:center\"><div class=\"uvc-heading-spacer no_spacer\" style=\"top\"><\/div><div class=\"uvc-main-heading ult-responsive\"  data-ultimate-target='.uvc-heading.ultimate-heading-36869d084ce80d94 h2'  data-responsive-json-new='{\"font-size\":\"desktop:35px;\",\"line-height\":\"\"}' ><h2 style=\"font-weight:bold;\">D\u00fcnya \u00c7ap\u0131nda Ses Getirin<\/h2><\/div><div class=\"uvc-sub-heading ult-responsive\"  data-ultimate-target='.uvc-heading.ultimate-heading-36869d084ce80d94 .uvc-sub-heading '  data-responsive-json-new='{\"font-size\":\"desktop:10px;\",\"line-height\":\"\"}'  style=\"font-weight:normal;\"><\/p>\n<blockquote><p>Sanat\u0131n\u0131z\u0131 d\u00fcnyan\u0131n d\u00f6rt bir yan\u0131nda duyuracak platformlar\u0131m\u0131zda yerinizi al\u0131n. ETC Production ile m\u00fczikleriniz, en prestijli dijital ma\u011fazalarda ve streaming servislerinde dinleyicilerle bulu\u015fuyor. Kaliteyi ve eri\u015filebilirli\u011fi bir arada sunarak, eserlerinizi hak etti\u011fi geni\u015f kitlelere ula\u015ft\u0131r\u0131yoruz.<\/p><\/blockquote>\n<p><\/div><\/div>[\/vc_column][\/vc_row][vc_row equal_height=&#8221;&#8221; font_color=&#8221;light&#8221; background_type=&#8221;image&#8221; background_color=&#8221;custom&#8221; background_img_lazyload=&#8221;&#8221; shift_y=&#8221;0&#8243; z_index=&#8221;0&#8243; background_custom_color=&#8221;#333333&#8243;][vc_column][vc_custom_heading text=&#8221;Dijital M\u00fczik Platformlar\u0131&#8221; font_size=&#8221;32&#8243; css=&#8221;.vc_custom_1705076929675{margin-top: -80px !important;}&#8221;][vc_gallery type=&#8221;carousel&#8221; slides_per_view=&#8221;6&#8243; hover_effect=&#8221;opacity&#8221; onclick=&#8221;none&#8221; slideshow_speed=&#8221;4000&#8243; nav_bullets=&#8221;false&#8221; nav_arrows=&#8221;false&#8221; group_cells=&#8221;false&#8221; images=&#8221;8679,8680,8681,8682,8683,8684,8685,8686,8687,8688,8689,8690,8691,8692,8693,8694,8695,8696,8697,8698,8699,8700,8701,8702,8703&#8243;][\/vc_column][\/vc_row]<\/p>\n<\/div>","protected":false},"excerpt":{"rendered":"<p>[vc_row columns_placement=&#8221;bottom&#8221; equal_height=&#8221;&#8221; background_type=&#8221;image&#8221; background_img=&#8221;7722&#8243; background_img_lazyload=&#8221;1&#8243; shift_y=&#8221;0&#8243; z_index=&#8221;0&#8243; min_height=&#8221;700&#8243;][vc_column shift_x=&#8221;0&#8243; shift_y=&#8221;0&#8243; z_index=&#8221;0&#8243; min_height=&#8221;550&#8243;][\/vc_column][\/vc_row][vc_row equal_height=&#8221;&#8221; background_type=&#8221;image&#8221; background_color=&#8221;transparent&#8221; background_img_lazyload=&#8221;&#8221; add_top_shape_divider=&#8221;yes&#8221; sd_top_type=&#8221;default&#8221; sd_top_shape=&#8221;curve&#8221; sd_top_flip=&#8221;yes&#8221; sd_top_color=&#8221;custom&#8221; sd_top_opacity=&#8221;100&#8243; sd_top_ratio=&#8221;no&#8221; sd_top_zindex=&#8221;0&#8243; shift_y=&#8221;-100&#8243; z_index=&#8221;9&#8243; add_grunge=&#8221;true&#8221; css=&#8221;.vc_custom_1704403169098{padding-top: 0px !important;}&#8221; sd_top_custom_color=&#8221;#f6f6f6&#8243; sd_top_height=&#8221;100px&#8221;][vc_column width=&#8221;2\/3&#8243;][vc_cta h2=&#8221;Sesinizi D\u00fcnyaya Duyurun: S\u0131n\u0131rlar\u0131 A\u015fan M\u00fczik Da\u011f\u0131t\u0131m\u0131&#8221; font_size=&#8221;22&#8243; btn_button_type=&#8221;decibel-button-special&#8221; btn_title=&#8221;Ba\u015flay\u0131n&#8221; btn_size=&#8221;md&#8221; btn_font_weight=&#8221;800&#8243; btn_scroll_to_anchor=&#8221;true&#8221; h4=&#8221;Her nota bir hikaye anlat\u0131r ve her melodi&#8230;<\/p>\n<p><a rel=\"bookmark\" class=\"decibel-button-text wvc-button wvc-button-size-sm wolf-core-button wolf-core-button-size-sm\" href=\"https:\/\/etcproduction.net\/wp\/\"><small class=\"wvc-button-background-fill wolf-core-button-background-fill\"><\/small><span>continue reading<\/span><\/a><\/p>\n","protected":false},"author":1,"featured_media":0,"parent":0,"menu_order":0,"comment_status":"closed","ping_status":"closed","template":"","meta":{"footnotes":""},"class_list":{"0":"post-6613","1":"page","2":"type-page","3":"status-publish","4":"hentry","5":"entry","6":"clearfix","7":"entry-grid","8":"entry-columns-default","9":"entry-page-module-layout-standard","10":"is-audio-embed","11":"is-spotify","12":"has-audio-player","13":"no-post-thumbnail","14":"entry-page","16":"entry-page-grid"},"_links":{"self":[{"href":"https:\/\/etcproduction.net\/wp\/wp-json\/wp\/v2\/pages\/6613","targetHints":{"allow":["GET"]}}],"collection":[{"href":"https:\/\/etcproduction.net\/wp\/wp-json\/wp\/v2\/pages"}],"about":[{"href":"https:\/\/etcproduction.net\/wp\/wp-json\/wp\/v2\/types\/page"}],"author":[{"embeddable":true,"href":"https:\/\/etcproduction.net\/wp\/wp-json\/wp\/v2\/users\/1"}],"replies":[{"embeddable":true,"href":"https:\/\/etcproduction.net\/wp\/wp-json\/wp\/v2\/comments?post=6613"}],"version-history":[{"count":328,"href":"https:\/\/etcproduction.net\/wp\/wp-json\/wp\/v2\/pages\/6613\/revisions"}],"predecessor-version":[{"id":8915,"href":"https:\/\/etcproduction.net\/wp\/wp-json\/wp\/v2\/pages\/6613\/revisions\/8915"}],"wp:attachment":[{"href":"https:\/\/etcproduction.net\/wp\/wp-json\/wp\/v2\/media?parent=6613"}],"curies":[{"name":"wp","href":"https:\/\/api.w.org\/{rel}","templated":true}]}}